{"id":2122,"date":"2023-10-07T14:06:04","date_gmt":"2023-10-07T14:06:04","guid":{"rendered":"https:\/\/www.spectrofood.eu\/?page_id=2122"},"modified":"2023-10-27T15:35:20","modified_gmt":"2023-10-27T15:35:20","slug":"spectrofood-publications","status":"publish","type":"page","link":"https:\/\/www.spectrofood.eu\/index.php\/spectrofood-publications\/","title":{"rendered":"SpectroFood Publications"},"content":{"rendered":"\t\t<div data-elementor-type=\"wp-page\" data-elementor-id=\"2122\" class=\"elementor elementor-2122\">\n\t\t\t\t\t\t<section class=\"elementor-section elementor-top-section elementor-element elementor-element-f7bf90f elementor-section-full_width elementor-section-height-default elementor-section-height-default\" data-id=\"f7bf90f\" data-element_type=\"section\" data-e-type=\"section\" data-settings=\"{&quot;background_background&quot;:&quot;classic&quot;}\">\n\t\t\t\t\t\t<div class=\"elementor-container elementor-column-gap-default\">\n\t\t\t\t\t<div class=\"elementor-column elementor-col-50 elementor-top-column elementor-element elementor-element-7dd4c17\" data-id=\"7dd4c17\" data-element_type=\"column\" data-e-type=\"column\">\n\t\t\t<div class=\"elementor-widget-wrap\">\n\t\t\t\t\t\t\t<\/div>\n\t\t<\/div>\n\t\t\t\t<div class=\"elementor-column elementor-col-50 elementor-top-column elementor-element elementor-element-d06671f hero_section\" data-id=\"d06671f\" data-element_type=\"column\" data-e-type=\"column\">\n\t\t\t<div class=\"elementor-widget-wrap elementor-element-populated\">\n\t\t\t\t\t\t<div class=\"elementor-element elementor-element-f2ce4c9 elementor-widget elementor-widget-heading\" data-id=\"f2ce4c9\" data-element_type=\"widget\" data-e-type=\"widget\" data-widget_type=\"heading.default\">\n\t\t\t\t<div class=\"elementor-widget-container\">\n\t\t\t\t\t<h2 class=\"elementor-heading-title elementor-size-default\">SpectroFood Publications<\/h2>\t\t\t\t<\/div>\n\t\t\t\t<\/div>\n\t\t\t\t<div class=\"elementor-element elementor-element-2cb6848 elementor-widget elementor-widget-spacer\" data-id=\"2cb6848\" data-element_type=\"widget\" data-e-type=\"widget\" data-widget_type=\"spacer.default\">\n\t\t\t\t<div class=\"elementor-widget-container\">\n\t\t\t\t\t\t\t<div class=\"elementor-spacer\">\n\t\t\t<div class=\"elementor-spacer-inner\"><\/div>\n\t\t<\/div>\n\t\t\t\t\t\t<\/div>\n\t\t\t\t<\/div>\n\t\t\t\t\t<\/div>\n\t\t<\/div>\n\t\t\t\t\t<\/div>\n\t\t<\/section>\n\t\t\t\t<section class=\"elementor-section elementor-top-section elementor-element elementor-element-61738d2 elementor-section-boxed elementor-section-height-default elementor-section-height-default\" data-id=\"61738d2\" data-element_type=\"section\" data-e-type=\"section\" data-settings=\"{&quot;background_background&quot;:&quot;classic&quot;}\">\n\t\t\t\t\t\t<div class=\"elementor-container elementor-column-gap-default\">\n\t\t\t\t\t<div class=\"elementor-column elementor-col-100 elementor-top-column elementor-element elementor-element-0184fac\" data-id=\"0184fac\" data-element_type=\"column\" data-e-type=\"column\">\n\t\t\t<div class=\"elementor-widget-wrap elementor-element-populated\">\n\t\t\t\t\t\t<div class=\"elementor-element elementor-element-051e6d4 elementor-widget elementor-widget-spacer\" data-id=\"051e6d4\" data-element_type=\"widget\" data-e-type=\"widget\" data-widget_type=\"spacer.default\">\n\t\t\t\t<div class=\"elementor-widget-container\">\n\t\t\t\t\t\t\t<div class=\"elementor-spacer\">\n\t\t\t<div class=\"elementor-spacer-inner\"><\/div>\n\t\t<\/div>\n\t\t\t\t\t\t<\/div>\n\t\t\t\t<\/div>\n\t\t\t\t\t<\/div>\n\t\t<\/div>\n\t\t\t\t\t<\/div>\n\t\t<\/section>\n\t\t\t\t<section class=\"elementor-section elementor-top-section elementor-element elementor-element-75cd20b elementor-section-boxed elementor-section-height-default elementor-section-height-default\" data-id=\"75cd20b\" data-element_type=\"section\" data-e-type=\"section\" data-settings=\"{&quot;background_background&quot;:&quot;classic&quot;}\">\n\t\t\t\t\t\t<div class=\"elementor-container elementor-column-gap-default\">\n\t\t\t\t\t<div class=\"elementor-column elementor-col-100 elementor-top-column elementor-element elementor-element-6df26cd\" data-id=\"6df26cd\" data-element_type=\"column\" data-e-type=\"column\">\n\t\t\t<div class=\"elementor-widget-wrap elementor-element-populated\">\n\t\t\t\t\t\t<div class=\"elementor-element elementor-element-34aa57d elementor-widget elementor-widget-heading\" data-id=\"34aa57d\" data-element_type=\"widget\" data-e-type=\"widget\" data-widget_type=\"heading.default\">\n\t\t\t\t<div class=\"elementor-widget-container\">\n\t\t\t\t\t<h2 class=\"elementor-heading-title elementor-size-default\">List of literature published under the SpectroFood Project<\/h2>\t\t\t\t<\/div>\n\t\t\t\t<\/div>\n\t\t\t\t\t<\/div>\n\t\t<\/div>\n\t\t\t\t\t<\/div>\n\t\t<\/section>\n\t\t\t\t<section class=\"elementor-section elementor-top-section elementor-element elementor-element-b9982bc elementor-section-boxed elementor-section-height-default elementor-section-height-default\" data-id=\"b9982bc\" data-element_type=\"section\" data-e-type=\"section\" data-settings=\"{&quot;background_background&quot;:&quot;classic&quot;}\">\n\t\t\t\t\t\t<div class=\"elementor-container elementor-column-gap-default\">\n\t\t\t\t\t<div class=\"elementor-column elementor-col-100 elementor-top-column elementor-element elementor-element-242fbe9\" data-id=\"242fbe9\" data-element_type=\"column\" data-e-type=\"column\">\n\t\t\t<div class=\"elementor-widget-wrap elementor-element-populated\">\n\t\t\t\t\t\t<div class=\"elementor-element elementor-element-c334826 colorhov elementor-widget elementor-widget-text-editor\" data-id=\"c334826\" data-element_type=\"widget\" data-e-type=\"widget\" data-widget_type=\"text-editor.default\">\n\t\t\t\t<div class=\"elementor-widget-container\">\n\t\t\t\t\t\t\t\t\t<p id=\"docs-internal-guid-5a091fc9-7fff-34fe-bed6-80dfb49727d5\" dir=\"ltr\" style=\"line-height: 1.3800000000000001; text-align: justify; margin-top: 12pt; margin-bottom: 12pt;\"><a href=\"https:\/\/pureportal.ilvo.be\/en\/publications\/post-harvest-quality-assessment-for-leek-with-hyperspectral-imagi\" target=\"_blank\" rel=\"noopener\"><span style=\"font-size: 12pt; font-family: Arial,sans-serif; color: #000000; background-color: transparent; font-weight: 400; font-style: normal; font-variant: normal; text-decoration: none; vertical-align: baseline; white-space: pre-wrap;\">Vierbergen, W., Bossuyt, S., Van Beek, J., Ampe, E., &amp; Saeys, W. (2022). <strong>Post-harvest quality assessment for leek with hyperspectral imaging and synthetically created data.<\/strong> Workshop on Hyperspectral Image and Signal Processing: Evolution in Remote Sensing, Rome, Italy<\/span><\/a><\/p><p dir=\"ltr\" style=\"line-height: 1.3800000000000001; text-align: justify; margin-top: 0pt; margin-bottom: 5pt;\"><a href=\"https:\/\/www.proeftuinnieuws.be\/rubrieken\/thema\/drogestofgehalte-prei-te-voorspellenmet-hyperspectrale-beelden\/\" target=\"_blank\" rel=\"noopener\"><span style=\"font-size: 12pt; font-family: Arial,sans-serif; color: #000000; background-color: transparent; font-weight: 400; font-style: normal; font-variant: normal; text-decoration: none; vertical-align: baseline; white-space: pre-wrap;\">Bossuyt, S., Ampe, E., Vierbergen, W. &amp; Van Beek, J. (2023). <strong>Drogestofgehalte prei te voorspellen met hyperspectrale beelden.<\/strong> Proeftuinnieuws, 2023 (1), 12-13<\/span><span style=\"font-size: 11pt; font-family: Calibri,sans-serif; color: #000000; background-color: transparent; font-weight: 400; font-style: normal; font-variant: normal; text-decoration: none; vertical-align: baseline; white-space: pre-wrap;\">.<\/span><\/a><\/p><p dir=\"ltr\" style=\"line-height: 1.3800000000000001; text-align: justify; margin-top: 12pt; margin-bottom: 12pt;\"><a href=\"https:\/\/researchrepository.ucd.ie\/entities\/publication\/bf344179-f5c3-4f7b-a0b8-890e5cebb446\/details\" target=\"_blank\" rel=\"noopener\"><span style=\"font-size: 12pt; font-family: Arial,sans-serif; color: #000000; background-color: transparent; font-weight: 400; font-style: normal; font-variant: normal; text-decoration: none; vertical-align: baseline; white-space: pre-wrap;\">Yang, K., Zhao, M., Argyropoulos, D. (2022). <strong>Comparison of LED and Tungsten Halogen lights combined with a portable hyperspectral imaging camera for the determination of mushroom browning effects<\/strong>, BIOSYSTEMS AND FOOD ENGINEERING RESEARCH REVIEW 27.<\/span><\/a><\/p><p dir=\"ltr\" style=\"line-height: 1.3800000000000001; text-align: justify; margin-top: 12pt; margin-bottom: 12pt;\"><a href=\"https:\/\/doi.org\/10.1016\/j.biosystemseng.2022.07.013\" target=\"_blank\" rel=\"noopener\"><span style=\"font-size: 12pt; font-family: Arial,sans-serif; color: #000000; background-color: transparent; font-weight: 400; font-style: normal; font-variant: normal; text-decoration: none; vertical-align: baseline; white-space: pre-wrap;\">Jana Wieme, Kaveh Mollazade, Ioannis Malounas, Manuela Zude-Sasse, Ming Zhao, Aoife Gowen, Dimitrios Argyropoulos, Spyros Fountas, Jonathan Van Beek. (2022). <strong>Application of hyperspectral imaging systems and artificial intelligence for quality assessment of fruit, vegetables and mushrooms: A review<\/strong>, Biosystems Engineering, Volume 222, p156-176.<\/span><\/a><\/p><p dir=\"ltr\" style=\"line-height: 1.3800000000000001; text-align: justify; margin-top: 12pt; margin-bottom: 12pt;\"><span style=\"font-size: 12pt; font-family: Arial,sans-serif; color: #000000; background-color: transparent; font-weight: 400; font-style: normal; font-variant: normal; text-decoration: none; vertical-align: baseline; white-space: pre-wrap;\">Yang, K., Zhao, M., Argyropoulos, D. (2022). <strong>Detection of mushroom browning using RGB image segmentation approaches combined with hyperspectral image analysis<\/strong>, poster publication in EFFOST2022.<\/span><\/p><p dir=\"ltr\" style=\"line-height: 1.3800000000000001; text-align: justify; margin-top: 12pt; margin-bottom: 12pt;\"><a href=\"https:\/\/doi.org\/10.1007\/978-3-030-89123-7_65-1\"><span style=\"font-size: 12pt; font-family: Arial,sans-serif; color: #000000; background-color: transparent; font-weight: 400; font-style: normal; font-variant: normal; text-decoration: none; vertical-align: baseline; white-space: pre-wrap;\">Tsoulias, N., Zhao, M., Paraforos, D.S., Argyropoulos, D. (2023). <strong>Hyper- and Multi-spectral Imaging Technologies.<\/strong> In: Zhang, Q. (eds) Encyclopedia of Smart Agriculture Technologies. Springer, Cham.<\/span><\/a><\/p><p dir=\"ltr\" style=\"line-height: 1.3800000000000001; text-align: justify; margin-top: 12pt; margin-bottom: 12pt;\"><a href=\"https:\/\/doi.org\/10.1016\/j.compag.2022.107611\" target=\"_blank\" rel=\"noopener\"><span style=\"font-size: 12pt; font-family: Arial,sans-serif; color: #000000; background-color: transparent; font-weight: 400; font-style: normal; font-variant: normal; text-decoration: none; vertical-align: baseline; white-space: pre-wrap;\">Tsoulias, Nikos, Kowshik Kumar Saha, and Manuela Zude-Sasse. &#8220;<strong>In-situ fruit analysis by means of LiDAR 3D point cloud of normalized difference vegetation index (NDVI).<\/strong>&#8221; Computers and Electronics in Agriculture 205 (2023): 107611.<\/span><\/a><\/p><p dir=\"ltr\" style=\"line-height: 1.3800000000000001; text-align: justify; margin-top: 12pt; margin-bottom: 12pt;\"><a href=\"https:\/\/doi.org\/10.1016\/j.postharvbio.2023.112587\" target=\"_blank\" rel=\"noopener\"><span style=\"font-size: 12pt; font-family: Arial,sans-serif; color: #000000; background-color: transparent; font-weight: 400; font-style: normal; font-variant: normal; text-decoration: none; vertical-align: baseline; white-space: pre-wrap;\">Miranda, J. C., Gen\u00e9-Mola, J., Zude-Sasse, M., Tsoulias, N., Escol\u00e0, A., Arn\u00f3, J., &#8230; &amp; Gregorio, E. (2023). <strong>Fruit sizing using AI: A review of methods and challenges.<\/strong> Postharvest Biology and Technology, 206, 112587.<\/span><\/a><\/p><p dir=\"ltr\" style=\"line-height: 1.3800000000000001; text-align: justify; margin-top: 12pt; margin-bottom: 12pt;\"><a href=\"https:\/\/doi.org\/10.24355\/dbbs.084-202301130837-0\" target=\"_blank\" rel=\"noopener\"><span style=\"font-size: 12pt; font-family: Arial,sans-serif; color: #000000; background-color: transparent; font-weight: 400; font-style: normal; font-variant: normal; text-decoration: none; vertical-align: baseline; white-space: pre-wrap;\">Zude-Sasse, M. (2023). <strong>Anwendung von Pflanzensensoren in digitalen Zwillingen<\/strong> (Vol. 34). Institut f\u00fcr Mobile Maschinen und Nutzfahrzeuge.<\/span><\/a><\/p><p dir=\"ltr\" style=\"line-height: 1.3800000000000001; text-align: justify; margin-top: 12pt; margin-bottom: 12pt;\"><a href=\"https:\/\/doi.org\/10.3390\/foods12173243\" target=\"_blank\" rel=\"noopener\"><span style=\"font-size: 12pt; font-family: Arial,sans-serif; color: #000000; background-color: transparent; font-weight: 400; font-style: normal; font-variant: normal; text-decoration: none; vertical-align: baseline; white-space: pre-wrap;\">Mollazade, Kaveh, Norhashila Hashim, and Manuela Zude-Sasse. &#8220;<strong>Towards a Multispectral Imaging System for Spatial Mapping of Chemical Composition in Fresh-Cut Pineapple (Ananas comosus).<\/strong>&#8221; Foods 12.17 (2023): 3243.<\/span><\/a><\/p><p dir=\"ltr\" style=\"line-height: 1.3800000000000001; text-align: justify; margin-top: 12pt; margin-bottom: 12pt;\"><a href=\"https:\/\/doi.org\/10.1016\/j.postharvbio.2022.112011\" target=\"_blank\" rel=\"noopener\"><span style=\"font-size: 12pt; font-family: Arial,sans-serif; color: #000000; background-color: transparent; font-weight: 400; font-style: normal; font-variant: normal; text-decoration: none; vertical-align: baseline; white-space: pre-wrap;\">Saha, Kowshik Kumar, and Manuela Zude-Sasse. &#8220;<strong>Estimation of chlorophyll content in banana during shelf life using LiDAR laser scanner.<\/strong>&#8221; Postharvest Biology and Technology 192 (2022): 112011.<\/span><\/a><\/p><p><a href=\"https:\/\/doi.org\/10.17660\/ActaHortic.2022.1353.11\" target=\"_blank\" rel=\"noopener\"><span style=\"font-size: 12pt; font-family: Arial,sans-serif; color: #000000; background-color: transparent; font-weight: 400; font-style: normal; font-variant: normal; text-decoration: none; vertical-align: baseline; white-space: pre-wrap;\">Mollazade, K., N. Hashim, and M. Zude-Sasse. &#8220;<strong>Hyperspectral imaging for predicting the chemical composition of fresh-cut pineapple (Ananas comosus).<\/strong>&#8221; XXXI International Horticultural Congress (IHC2022): International Symposium on Integrative Approaches to Product Quality in 1353. 2022.<\/span><\/a><\/p>\t\t\t\t\t\t\t\t<\/div>\n\t\t\t\t<\/div>\n\t\t\t\t\t<\/div>\n\t\t<\/div>\n\t\t\t\t\t<\/div>\n\t\t<\/section>\n\t\t\t\t<section class=\"elementor-section elementor-top-section elementor-element elementor-element-626fd9f elementor-section-boxed elementor-section-height-default elementor-section-height-default\" data-id=\"626fd9f\" data-element_type=\"section\" data-e-type=\"section\" data-settings=\"{&quot;background_background&quot;:&quot;classic&quot;}\">\n\t\t\t\t\t\t<div class=\"elementor-container elementor-column-gap-default\">\n\t\t\t\t\t<div class=\"elementor-column elementor-col-100 elementor-top-column elementor-element elementor-element-d470351\" data-id=\"d470351\" data-element_type=\"column\" data-e-type=\"column\">\n\t\t\t<div class=\"elementor-widget-wrap elementor-element-populated\">\n\t\t\t\t\t\t<div class=\"elementor-element elementor-element-6d697e2 elementor-widget elementor-widget-spacer\" data-id=\"6d697e2\" data-element_type=\"widget\" data-e-type=\"widget\" data-widget_type=\"spacer.default\">\n\t\t\t\t<div class=\"elementor-widget-container\">\n\t\t\t\t\t\t\t<div class=\"elementor-spacer\">\n\t\t\t<div class=\"elementor-spacer-inner\"><\/div>\n\t\t<\/div>\n\t\t\t\t\t\t<\/div>\n\t\t\t\t<\/div>\n\t\t\t\t\t<\/div>\n\t\t<\/div>\n\t\t\t\t\t<\/div>\n\t\t<\/section>\n\t\t\t\t<\/div>\n\t\t","protected":false},"excerpt":{"rendered":"<p>SpectroFood Publications List of literature published under the SpectroFood Project Vierbergen, W., Bossuyt, S., Van Beek, J., Ampe, E., &amp; Saeys, W. (2022). Post-harvest quality assessment for leek with hyperspectral imaging and synthetically created data. Workshop on Hyperspectral Image and Signal Processing: Evolution in Remote Sensing, Rome, Italy Bossuyt, S., Ampe, E., Vierbergen, W. &amp; [&hellip;]<\/p>\n","protected":false},"author":2,"featured_media":0,"parent":0,"menu_order":0,"comment_status":"closed","ping_status":"closed","template":"","meta":{"site-sidebar-layout":"no-sidebar","site-content-layout":"page-builder","ast-site-content-layout":"full-width-container","site-content-style":"unboxed","site-sidebar-style":"unboxed","ast-global-header-display":"","ast-banner-title-visibility":"","ast-main-header-display":"","ast-hfb-above-header-display":"","ast-hfb-below-header-display":"","ast-hfb-mobile-header-display":"","site-post-title":"disabled","ast-breadcrumbs-content":"","ast-featured-img":"disabled","footer-sml-layout":"","ast-disable-related-posts":"","theme-transparent-header-meta":"enabled","adv-header-id-meta":"","stick-header-meta":"","header-above-stick-meta":"","header-main-stick-meta":"","header-below-stick-meta":"","astra-migrate-meta-layouts":"set","ast-page-background-enabled":"default","ast-page-background-meta":{"desktop":{"background-color":"var(--ast-global-color-4)","background-image":"","background-repeat":"repeat","background-position":"center center","background-size":"auto","background-attachment":"scroll","background-type":"","background-media":"","overlay-type":"","overlay-color":"","overlay-opacity":"","overlay-gradient":""},"tablet":{"background-color":"","background-image":"","background-repeat":"repeat","background-position":"center center","background-size":"auto","background-attachment":"scroll","background-type":"","background-media":"","overlay-type":"","overlay-color":"","overlay-opacity":"","overlay-gradient":""},"mobile":{"background-color":"","background-image":"","background-repeat":"repeat","background-position":"center center","background-size":"auto","background-attachment":"scroll","background-type":"","background-media":"","overlay-type":"","overlay-color":"","overlay-opacity":"","overlay-gradient":""}},"ast-content-background-meta":{"desktop":{"background-color":"var(--ast-global-color-5)","background-image":"","background-repeat":"repeat","background-position":"center center","background-size":"auto","background-attachment":"scroll","background-type":"","background-media":"","overlay-type":"","overlay-color":"","overlay-opacity":"","overlay-gradient":""},"tablet":{"background-color":"var(--ast-global-color-5)","background-image":"","background-repeat":"repeat","background-position":"center center","background-size":"auto","background-attachment":"scroll","background-type":"","background-media":"","overlay-type":"","overlay-color":"","overlay-opacity":"","overlay-gradient":""},"mobile":{"background-color":"var(--ast-global-color-5)","background-image":"","background-repeat":"repeat","background-position":"center center","background-size":"auto","background-attachment":"scroll","background-type":"","background-media":"","overlay-type":"","overlay-color":"","overlay-opacity":"","overlay-gradient":""}},"footnotes":""},"class_list":["post-2122","page","type-page","status-publish","hentry"],"yoast_head":"<!-- This site is optimized with the Yoast SEO plugin v27.4 - https:\/\/yoast.com\/product\/yoast-seo-wordpress\/ -->\n<title>SpectroFood Publications - SpectroFood<\/title>\n<meta name=\"robots\" content=\"index, follow, max-snippet:-1, max-image-preview:large, max-video-preview:-1\" \/>\n<link rel=\"canonical\" href=\"https:\/\/www.spectrofood.eu\/index.php\/spectrofood-publications\/\" \/>\n<meta property=\"og:locale\" content=\"en_US\" \/>\n<meta property=\"og:type\" content=\"article\" \/>\n<meta property=\"og:title\" content=\"SpectroFood Publications - SpectroFood\" \/>\n<meta property=\"og:description\" content=\"SpectroFood Publications List of literature published under the SpectroFood Project Vierbergen, W., Bossuyt, S., Van Beek, J., Ampe, E., &amp; Saeys, W. (2022). Post-harvest quality assessment for leek with hyperspectral imaging and synthetically created data. Workshop on Hyperspectral Image and Signal Processing: Evolution in Remote Sensing, Rome, Italy Bossuyt, S., Ampe, E., Vierbergen, W. &amp; [&hellip;]\" \/>\n<meta property=\"og:url\" content=\"https:\/\/www.spectrofood.eu\/index.php\/spectrofood-publications\/\" \/>\n<meta property=\"og:site_name\" content=\"SpectroFood\" \/>\n<meta property=\"article:modified_time\" content=\"2023-10-27T15:35:20+00:00\" \/>\n<meta name=\"twitter:card\" content=\"summary_large_image\" \/>\n<meta name=\"twitter:label1\" content=\"Est. reading time\" \/>\n\t<meta name=\"twitter:data1\" content=\"2 minutes\" \/>\n<script type=\"application\/ld+json\" class=\"yoast-schema-graph\">{\"@context\":\"https:\\\/\\\/schema.org\",\"@graph\":[{\"@type\":\"WebPage\",\"@id\":\"https:\\\/\\\/www.spectrofood.eu\\\/index.php\\\/spectrofood-publications\\\/\",\"url\":\"https:\\\/\\\/www.spectrofood.eu\\\/index.php\\\/spectrofood-publications\\\/\",\"name\":\"SpectroFood Publications - SpectroFood\",\"isPartOf\":{\"@id\":\"https:\\\/\\\/www.spectrofood.eu\\\/#website\"},\"datePublished\":\"2023-10-07T14:06:04+00:00\",\"dateModified\":\"2023-10-27T15:35:20+00:00\",\"inLanguage\":\"en-US\",\"potentialAction\":[{\"@type\":\"ReadAction\",\"target\":[\"https:\\\/\\\/www.spectrofood.eu\\\/index.php\\\/spectrofood-publications\\\/\"]}]},{\"@type\":\"WebSite\",\"@id\":\"https:\\\/\\\/www.spectrofood.eu\\\/#website\",\"url\":\"https:\\\/\\\/www.spectrofood.eu\\\/\",\"name\":\"SpectroFood\",\"description\":\"Democratizing spectral imaging in agrifood\",\"publisher\":{\"@id\":\"https:\\\/\\\/www.spectrofood.eu\\\/#organization\"},\"potentialAction\":[{\"@type\":\"SearchAction\",\"target\":{\"@type\":\"EntryPoint\",\"urlTemplate\":\"https:\\\/\\\/www.spectrofood.eu\\\/?s={search_term_string}\"},\"query-input\":{\"@type\":\"PropertyValueSpecification\",\"valueRequired\":true,\"valueName\":\"search_term_string\"}}],\"inLanguage\":\"en-US\"},{\"@type\":\"Organization\",\"@id\":\"https:\\\/\\\/www.spectrofood.eu\\\/#organization\",\"name\":\"SpectroFood\",\"url\":\"https:\\\/\\\/www.spectrofood.eu\\\/\",\"logo\":{\"@type\":\"ImageObject\",\"inLanguage\":\"en-US\",\"@id\":\"https:\\\/\\\/www.spectrofood.eu\\\/#\\\/schema\\\/logo\\\/image\\\/\",\"url\":\"https:\\\/\\\/www.spectrofood.eu\\\/wp-content\\\/uploads\\\/2023\\\/10\\\/Frost-logo.png\",\"contentUrl\":\"https:\\\/\\\/www.spectrofood.eu\\\/wp-content\\\/uploads\\\/2023\\\/10\\\/Frost-logo.png\",\"width\":372,\"height\":377,\"caption\":\"SpectroFood\"},\"image\":{\"@id\":\"https:\\\/\\\/www.spectrofood.eu\\\/#\\\/schema\\\/logo\\\/image\\\/\"}}]}<\/script>\n<!-- \/ Yoast SEO plugin. -->","yoast_head_json":{"title":"SpectroFood Publications - SpectroFood","robots":{"index":"index","follow":"follow","max-snippet":"max-snippet:-1","max-image-preview":"max-image-preview:large","max-video-preview":"max-video-preview:-1"},"canonical":"https:\/\/www.spectrofood.eu\/index.php\/spectrofood-publications\/","og_locale":"en_US","og_type":"article","og_title":"SpectroFood Publications - SpectroFood","og_description":"SpectroFood Publications List of literature published under the SpectroFood Project Vierbergen, W., Bossuyt, S., Van Beek, J., Ampe, E., &amp; Saeys, W. (2022). Post-harvest quality assessment for leek with hyperspectral imaging and synthetically created data. Workshop on Hyperspectral Image and Signal Processing: Evolution in Remote Sensing, Rome, Italy Bossuyt, S., Ampe, E., Vierbergen, W. &amp; [&hellip;]","og_url":"https:\/\/www.spectrofood.eu\/index.php\/spectrofood-publications\/","og_site_name":"SpectroFood","article_modified_time":"2023-10-27T15:35:20+00:00","twitter_card":"summary_large_image","twitter_misc":{"Est. reading time":"2 minutes"},"schema":{"@context":"https:\/\/schema.org","@graph":[{"@type":"WebPage","@id":"https:\/\/www.spectrofood.eu\/index.php\/spectrofood-publications\/","url":"https:\/\/www.spectrofood.eu\/index.php\/spectrofood-publications\/","name":"SpectroFood Publications - SpectroFood","isPartOf":{"@id":"https:\/\/www.spectrofood.eu\/#website"},"datePublished":"2023-10-07T14:06:04+00:00","dateModified":"2023-10-27T15:35:20+00:00","inLanguage":"en-US","potentialAction":[{"@type":"ReadAction","target":["https:\/\/www.spectrofood.eu\/index.php\/spectrofood-publications\/"]}]},{"@type":"WebSite","@id":"https:\/\/www.spectrofood.eu\/#website","url":"https:\/\/www.spectrofood.eu\/","name":"SpectroFood","description":"Democratizing spectral imaging in agrifood","publisher":{"@id":"https:\/\/www.spectrofood.eu\/#organization"},"potentialAction":[{"@type":"SearchAction","target":{"@type":"EntryPoint","urlTemplate":"https:\/\/www.spectrofood.eu\/?s={search_term_string}"},"query-input":{"@type":"PropertyValueSpecification","valueRequired":true,"valueName":"search_term_string"}}],"inLanguage":"en-US"},{"@type":"Organization","@id":"https:\/\/www.spectrofood.eu\/#organization","name":"SpectroFood","url":"https:\/\/www.spectrofood.eu\/","logo":{"@type":"ImageObject","inLanguage":"en-US","@id":"https:\/\/www.spectrofood.eu\/#\/schema\/logo\/image\/","url":"https:\/\/www.spectrofood.eu\/wp-content\/uploads\/2023\/10\/Frost-logo.png","contentUrl":"https:\/\/www.spectrofood.eu\/wp-content\/uploads\/2023\/10\/Frost-logo.png","width":372,"height":377,"caption":"SpectroFood"},"image":{"@id":"https:\/\/www.spectrofood.eu\/#\/schema\/logo\/image\/"}}]}},"_links":{"self":[{"href":"https:\/\/www.spectrofood.eu\/index.php\/wp-json\/wp\/v2\/pages\/2122","targetHints":{"allow":["GET"]}}],"collection":[{"href":"https:\/\/www.spectrofood.eu\/index.php\/wp-json\/wp\/v2\/pages"}],"about":[{"href":"https:\/\/www.spectrofood.eu\/index.php\/wp-json\/wp\/v2\/types\/page"}],"author":[{"embeddable":true,"href":"https:\/\/www.spectrofood.eu\/index.php\/wp-json\/wp\/v2\/users\/2"}],"replies":[{"embeddable":true,"href":"https:\/\/www.spectrofood.eu\/index.php\/wp-json\/wp\/v2\/comments?post=2122"}],"version-history":[{"count":74,"href":"https:\/\/www.spectrofood.eu\/index.php\/wp-json\/wp\/v2\/pages\/2122\/revisions"}],"predecessor-version":[{"id":4410,"href":"https:\/\/www.spectrofood.eu\/index.php\/wp-json\/wp\/v2\/pages\/2122\/revisions\/4410"}],"wp:attachment":[{"href":"https:\/\/www.spectrofood.eu\/index.php\/wp-json\/wp\/v2\/media?parent=2122"}],"curies":[{"name":"wp","href":"https:\/\/api.w.org\/{rel}","templated":true}]}}